{"id":206,"date":"2015-10-18T08:25:43","date_gmt":"2015-10-18T08:25:43","guid":{"rendered":""},"modified":"2021-07-14T16:40:44","modified_gmt":"2021-07-14T16:40:44","slug":"front-page","status":"publish","type":"page","link":"https:\/\/recorre.elvalledigital.es\/","title":{"rendered":"Recorre el Valle"},"content":{"rendered":"<div class=\"front-page-section\">\n<div class=\"section-wrap\">\n<h3>\ud83d\udcf8 \u00bfC\u00f3mo puedes participar?<\/h3>\n<h3><span style=\"color: #808080;\">Recorre el Valle es un concurso gamificado con el que podr\u00e1s acumular puntos al visitar los diferentes puntos de inter\u00e9s de la comarca. <\/span><span style=\"color: #808080;\">\u00a1HAY CINCO PREMIOS DIFERENTES EN JUEGO!<\/span><\/h3>\n<p>&nbsp;<\/p>\n<h2><\/h2>\n<h3><b>\ud83c\udfc6 4 premios para 4 categor\u00edas<\/b><\/h3>\n<h3><span style=\"font-weight: 400;\">Queremos dar a conocer todos los atractivos de la Sierra de la Demanda. As\u00ed que el concurso cuenta con 4 categor\u00edas diferentes con las que podr\u00e1s conseguir distintos premios.<\/span><\/h3>\n<p>&nbsp;<\/p>\n<h3><span class=\"alignnone\"><img loading=\"lazy\" decoding=\"async\" class=\"alignnone wp-image-19710 size-full\" src=\"https:\/\/recorre.elvalledigital.es\/wp-content\/uploads\/2021\/07\/categorias.png\" alt=\"\" width=\"1000\" height=\"660\" srcset=\"https:\/\/recorre.elvalledigital.es\/wp-content\/uploads\/2021\/07\/categorias.png 1000w, https:\/\/recorre.elvalledigital.es\/wp-content\/uploads\/2021\/07\/categorias-300x198.png 300w, https:\/\/recorre.elvalledigital.es\/wp-content\/uploads\/2021\/07\/categorias-768x507.png 768w, https:\/\/recorre.elvalledigital.es\/wp-content\/uploads\/2021\/07\/categorias-450x297.png 450w\" sizes=\"auto, (max-width: 1000px) 100vw, 1000px\" \/><\/span><\/h3>\n<h3><b>\u00bfC\u00f3mo puedes participar?<\/b><\/h3>\n<h3><span style=\"font-weight: 400;\">\ud83c\udf3f Sube<strong> tu foto de naturaleza<\/strong> con el hashtag #RecorreElValle \u00a1y podr\u00e1s ganar una impresora para smartphone Instax Mini Link de FujiFilm + 30 Fotos!<\/span><\/h3>\n<h3><span style=\"font-weight: 400;\">\ud83c\udf7bSube<strong> una foto en un bar o restaurante<\/strong> de la zona con el hashtag #RecorreElValle \u00a1y optas a recibir un lote de alimentos gourmet de la zona!<\/span><\/h3>\n<h3><span style=\"font-weight: 400;\">\ud83c\udfe1 Sube <strong>una foto alojado en una casa rural<\/strong> de la comarca con el hashtag #RecorreElValle y optas a ganar una ruta en todoterreno 4&#215;4 por la comarca \u00a1hasta 8 personas con almuerzo incluido!<\/span><\/h3>\n<h3><span style=\"font-weight: 400;\">\u26ea Sube <strong>una foto cultural<\/strong> de la comarca con el hashtag #RecorreElValle \u00a1y podr\u00e1s obtener una impresora para smartphone Instax Mini Link de FujiFilm + 30 Fotos!<\/span><\/h3>\n<p>&nbsp;<\/p>\n<h3><span style=\"font-weight: 400;\">Las <strong>10 mejores fotograf\u00edas<\/strong> de cada categor\u00eda ser\u00e1n seleccionadas por un jurado y entrar\u00e1n en una votaci\u00f3n popular para elegir entre todos la mejor de cada categor\u00eda y sus autores recibir\u00e1n el premio previsto. Un autor no podr\u00e1 recibir m\u00e1s de un premio.\u00a0<\/span><\/h3>\n<p>&nbsp;<\/p>\n<h3><b>Pero adem\u00e1s, entre todos los participantes se sortear\u00e1 un quinto premio especial:\u00a0 \u00a1una c\u00e1mara instax Fujifilm SQ10 + 30 fotos!<\/b><\/h3>\n<p>&nbsp;<\/p>\n<h3><span style=\"font-weight: 400;\">No olvides:<\/span><\/h3>\n<ol>\n<li>\n<h3><span style=\"font-weight: 400;\"> Para recibir el premio tambi\u00e9n tienes que seguir la cuenta de Instagram @ElValleDigital_ y usar el hashtag #RecorreElValle al publicar tus fotos.<\/span><\/h3>\n<\/li>\n<li>\n<h3><span style=\"font-weight: 400;\"> Puedes participar tantas veces como quieras y en las categor\u00edas que m\u00e1s te gusten.<\/span><\/h3>\n<\/li>\n<li>\n<h3><span style=\"font-weight: 400;\"> Tienes que tener la cuenta p\u00fablica para que todo el mundo pueda ver tu foto.\u00a0<\/span><\/h3>\n<\/li>\n<li>\n<h3><span style=\"font-weight: 400;\"> Incluye en tus fotos la localizaci\u00f3n de la imagen. Si no aparece en Instagram, ponlo en el texto junto al hashtag.<\/span><\/h3>\n<\/li>\n<\/ol>\n<h3><\/h3>\n<h3><b>Fecha l\u00edmite para publicar fotos: Viernes 6 de agosto a las 23:59.<\/b><\/h3>\n<h3><span style=\"font-weight: 400;\">Votaci\u00f3n entre el s\u00e1bado 7 y el lunes 9 de agosto.<\/span><\/h3>\n<h3><span style=\"font-weight: 400;\">Entrega de premios el martes 10 de agosto.<\/span><\/h3>\n<h3><span style=\"font-weight: 400;\">Todos los premios deber\u00e1n canjearse en 2021.<\/span><\/h3>\n<h3><\/h3>\n<h3><span style=\"font-weight: 400;\">Si no es posible contactar con el premiado antes del 10 de agosto, el premio pasar\u00e1 al siguiente m\u00e1s votado.<\/span><\/h3>\n<\/div>\n<\/div>\n<div class=\"front-page-section\">\n<div class=\"section-wrap\">\n<h3 class=\"widget_title widget_title--frontpage\">4 categor\u00edas diferentes<\/h3>\n<h3 class=\"widget_title widget_title--frontpage\"><span class=\"widget_subtitle widget_subtitle--frontpage\">Para mostrar la riqueza de nuestra comarca, el concurso cuenta con 4 categor\u00edas con las que podr\u00e1s optar a diferentes premios. \u00a1Descubre cu\u00e1les son!<\/span><\/h3>\n<div class=\"grid grid--widget\">\n<div class=\"grid__item grid__item--widget\">\n<div class=\"card card--post card--feature card--widget\">\n<div class=\"card__content\">\n<p><img decoding=\"async\" src=\"https:\/\/recorre.elvalledigital.es\/wp-content\/uploads\/2021\/07\/nacedero-klXG-U70974432693HQE-624x385@El-Norte-300x185.jpg\" \/><\/p>\n<div class=\"card__title\">Naturaleza<\/div>\n<p>Queremos dar a conocer todos los atractivos de la Sierra de la Demanda. As\u00ed que, si subes tu foto de naturaleza con el hashtag #RecorreElValle \u00a1Podr\u00e1s ganar una c\u00e1mara Fujifilm Instax!<\/p>\n<\/div>\n<\/div>\n<\/div>\n<div class=\"grid__item grid__item--widget\">\n<div class=\"card card--post card--feature card--widget\">\n<div class=\"card__content\">\n<p><img decoding=\"async\" src=\"https:\/\/recorre.elvalledigital.es\/wp-content\/uploads\/2021\/07\/descarga.jpg\" \/><\/p>\n<div class=\"card__title\">Hosteler\u00eda<\/div>\n<p>Los bares y restaurantes de la zona son uno de nuestros grandes tesoros. Sube tu foto con el hashtag #RecorreElValle \u00a1y entra en el sorteo de un lote de alimentos gourmet de la zona!<\/p>\n<\/div>\n<\/div>\n<\/div>\n<div class=\"grid__item grid__item--widget\">\n<div class=\"card card--post card--feature card--widget\">\n<div class=\"card__content\">\n<p><img loading=\"lazy\" decoding=\"async\" class=\"\" src=\"https:\/\/recorre.elvalledigital.es\/wp-content\/uploads\/2021\/07\/sad-hill-kIkE-U702155341qIE-624x385@Burgosconecta.jpg\" width=\"293\" height=\"181\" \/><\/p>\n<div class=\"card__title\">Cultura<\/div>\n<p>Iglesias, monasterios, monumentos&#8230; la riqueza cultural de todo tipo en nuestra comarca es brutal. Por eso te invitamos a subir una foto ligada a la cultura con la etiqueta #RecorreElValle \u00a1y optas a una impresora para smartphone Instax Mini Link de FujiFilm + 30 Fotos!<\/p>\n<\/div>\n<\/div>\n<\/div>\n<div class=\"grid__item grid__item--widget\">\n<div class=\"card card--post card--feature card--widget\">\n<div class=\"card__content\">\n<p><img decoding=\"async\" src=\"https:\/\/recorre.elvalledigital.es\/wp-content\/uploads\/2021\/07\/00551540-300x225.jpg\" \/><\/p>\n<div class=\"card__title\">Casas rurales<\/div>\n<p>Las casas rurales son un aut\u00e9ntico para\u00edso de tranquilidad y aire puro para descansar. Publica tus fotograf\u00edas en las casas rurales de la zona en Instagram con el hashtag #RecorreElValle \u00a1y entras en el sorteo de una ruta en todoterreno 4&#215;4 por la comarca!<\/p>\n<\/div>\n<\/div>\n<\/div>\n<div class=\"grid__item grid__item--widget\">\n<div class=\"card card--post card--feature card--widget\">\n<div class=\"card__content\">\n<p><img loading=\"lazy\" decoding=\"async\" class=\"\" src=\"https:\/\/recorre.elvalledigital.es\/wp-content\/uploads\/2021\/05\/Sto_Dom_de_Sil-0.jpg\" width=\"297\" height=\"223\" \/><\/p>\n<div class=\"card__title\">Mejor foto<\/div>\n<p>Adem\u00e1s, entre todos los participantes se sortear\u00e1 un quinto premio especial: \u00a1una c\u00e1mara Instax Fujifilm SQ10 + 30 fotos!<\/p>\n<\/div>\n<\/div>\n<\/div>\n<\/div>\n<\/div>\n<\/div>\n<div class=\"widget_text front-page-section\">\n<div class=\"widget_text section-wrap\">\n<h2 class=\"front_page_sections_title\">Recorre el Valle a vista de p\u00e1jaro. \u00a1Estos son algunos de los lugares que puedes visitar!<\/h2>\n<p>&nbsp;<\/p>\n<div class=\"textwidget custom-html-widget\"><iframe loading=\"lazy\" title=\"YouTube video player\" src=\"https:\/\/www.youtube.com\/embed\/OhXAbgWJqoU\" width=\"1120\" height=\"630\" frameborder=\"0\" allowfullscreen=\"allowfullscreen\" data-mce-fragment=\"1\"><\/iframe><small><\/small><\/div>\n<\/div>\n<\/div>\n","protected":false},"excerpt":{"rendered":"<p>Participa en nuestro concurso fotogr\u00e1fico de Instagram descubriendo los rincones m\u00e1s espectaculares de la Sierra de la Demanda<\/p>\n","protected":false},"author":1,"featured_media":19654,"parent":0,"menu_order":0,"comment_status":"closed","ping_status":"closed","template":"page-templates\/full_width.php","meta":{"footnotes":""},"class_list":["post-206","page","type-page","status-publish","has-post-thumbnail","hentry"],"_links":{"self":[{"href":"https:\/\/recorre.elvalledigital.es\/index.php?rest_route=\/wp\/v2\/pages\/206","targetHints":{"allow":["GET"]}}],"collection":[{"href":"https:\/\/recorre.elvalledigital.es\/index.php?rest_route=\/wp\/v2\/pages"}],"about":[{"href":"https:\/\/recorre.elvalledigital.es\/index.php?rest_route=\/wp\/v2\/types\/page"}],"author":[{"embeddable":true,"href":"https:\/\/recorre.elvalledigital.es\/index.php?rest_route=\/wp\/v2\/users\/1"}],"replies":[{"embeddable":true,"href":"https:\/\/recorre.elvalledigital.es\/index.php?rest_route=%2Fwp%2Fv2%2Fcomments&post=206"}],"version-history":[{"count":18,"href":"https:\/\/recorre.elvalledigital.es\/index.php?rest_route=\/wp\/v2\/pages\/206\/revisions"}],"predecessor-version":[{"id":19718,"href":"https:\/\/recorre.elvalledigital.es\/index.php?rest_route=\/wp\/v2\/pages\/206\/revisions\/19718"}],"wp:featuredmedia":[{"embeddable":true,"href":"https:\/\/recorre.elvalledigital.es\/index.php?rest_route=\/wp\/v2\/media\/19654"}],"wp:attachment":[{"href":"https:\/\/recorre.elvalledigital.es\/index.php?rest_route=%2Fwp%2Fv2%2Fmedia&parent=206"}],"curies":[{"name":"wp","href":"https:\/\/api.w.org\/{rel}","templated":true}]}}